{"id":7,"date":"2022-07-25T17:45:08","date_gmt":"2022-07-25T15:45:08","guid":{"rendered":"https:\/\/malisan.de\/?page_id=7"},"modified":"2026-03-17T18:44:02","modified_gmt":"2026-03-17T16:44:02","slug":"ferienwohnung-meisbuesch","status":"publish","type":"page","link":"https:\/\/malisan.de\/","title":{"rendered":"Ferienwohnung Meisb\u00fcsch"},"content":{"rendered":"\n<p><\/p>\n\n\n\n<h2 class=\"wp-block-heading has-text-align-center\">Bevorzugte Lage in der N\u00e4he des Wolfsgeheges<\/h2>\n\n\n\n<h1 class=\"wp-block-heading has-text-align-center\">Bevorzugte Lage in der N\u00e4he des Wolfsgeheges<\/h1>\n\n\n\n<h3 class=\"wp-block-heading has-text-align-center\"><a href=\"https:\/\/malisan.de\/?page_id=150\" data-type=\"page\" data-id=\"150\">Bilder von unserer sch\u00f6nen Ferienwohnung<\/a><\/h3>\n\n\n<p><!--vcv no format--><!-- vcwb\/dynamicElementComment:c7eaed97 --><\/p>\n<div class=\"vce-row-container\" data-vce-boxed-width=\"true\">\n<div id=\"el-c7eaed97\" class=\"vce-row vce-row--has-col-background vce-row--col-gap-0 vce-row-equal-height vce-row-content--top\" data-vce-do-apply=\"all el-c7eaed97\">\n<div class=\"vce-row-content\" data-vce-element-content=\"true\"><!-- vcwb\/dynamicElementComment:2655a48f -->\n<div id=\"el-2655a48f\" class=\"vce-col vce-element--has-background vce-col--md-auto vce-col--xs-1 vce-col--xs-last vce-col--xs-first vce-col--sm-last vce-col--sm-first vce-col--md-last vce-col--lg-last vce-col--xl-last vce-col--md-first vce-col--lg-first vce-col--xl-first\">\n<div class=\"vce-col-inner\" data-vce-do-apply=\"border margin background  el-2655a48f\">\n<div class=\"vce-col-content\" data-vce-element-content=\"true\" data-vce-do-apply=\"padding el-2655a48f\"><!-- vcwb\/dynamicElementComment:3bcbe7a9 -->\n<section class=\"vce-hero-section-container vce-hero-section-media--xs vce-hero-section-media--sm vce-hero-section-media--md vce-hero-section-media--lg vce-hero-section-media--xl\">\n<div id=\"el-3bcbe7a9\" class=\"vce vce-hero-section\" data-vce-do-apply=\"margin background border  el-3bcbe7a9\">\n<div class=\"vce-hero-section--wrap-row vce-hero-section--background-position-center-bottom lazyload\" style=\"background-image:inherit;\" data-bg-image=\"url(&#039;|!|vcvUploadUrl|!|\/2022\/08\/Ferienwohnung-Haus2.jpg&#039;)\">\n<div class=\"vce-hero-section--wrap\">\n<div class=\"vce-hero-section--content\" data-vce-do-apply=\"padding el-3bcbe7a9\">\n<div class=\"vce-hero-section--content-container\">\n<h1 style=\"color: #fff;\"><span style=\"font-size: 24pt;\">ie erienwohnung in Merz<\/span><\/h1>\n<\/div>\n<\/div>\n<\/div>\n<\/div>\n<\/div>\n<\/section>\n<p><!-- \/vcwb\/dynamicElementComment:3bcbe7a9 --><\/p>\n<\/div>\n<\/div>\n<\/div>\n<p><!-- \/vcwb\/dynamicElementComment:2655a48f --><\/p>\n<\/div>\n<\/div>\n<\/div>\n<p><!-- \/vcwb\/dynamicElementComment:c7eaed97 --><!-- vcwb\/dynamicElementComment:e2c8d23f --><\/p>\n<p><!-- \/vcwb\/dynamicElementComment:e2c8d23f --><!-- vcwb\/dynamicElementComment:52fe8123 --><\/p>\n<div class=\"vce-row-container\" data-vce-boxed-width=\"true\">\n<div id=\"el-52fe8123\" class=\"vce-row vce-row--col-gap-30 vce-row-equal-height vce-row-content--middle\" data-vce-do-apply=\"all el-52fe8123\">\n<div class=\"vce-row-content\" data-vce-element-content=\"true\"><!-- vcwb\/dynamicElementComment:ff5a0022 -->\n<div id=\"el-ff5a0022\" class=\"vce-col vce-col--md-auto vce-col--xs-1 vce-col--xs-last vce-col--xs-first vce-col--sm-last vce-col--sm-first vce-col--md-last vce-col--lg-last vce-col--xl-last vce-col--md-first vce-col--lg-first vce-col--xl-first\">\n<div class=\"vce-col-inner\" data-vce-do-apply=\"border margin background  el-ff5a0022\">\n<div class=\"vce-col-content\" data-vce-element-content=\"true\" data-vce-do-apply=\"padding el-ff5a0022\"><!-- vcwb\/dynamicElementComment:8ff744cb -->\n<div class=\"vce-text-block\">\n<div id=\"el-8ff744cb\" class=\"vce-text-block-wrapper vce\" data-vce-do-apply=\"all el-8ff744cb\">\n<h3 style=\"text-align: center;\">Unsere Preise ab 01.01.2023<\/h3>\n<\/div>\n<\/div>\n<p><!-- \/vcwb\/dynamicElementComment:8ff744cb --><!-- vcwb\/dynamicElementComment:ea4bf2da --><\/p>\n<div class=\"vce-text-block\">\n<div id=\"el-ea4bf2da\" class=\"vce-text-block-wrapper vce\" data-vce-do-apply=\"all el-ea4bf2da\">\n<h5 style=\"text-align: center;\">\n<table id=\"tablepress-1\" class=\"tablepress tablepress-id-1\">\n<thead>\n<tr class=\"row-1\">\n\t<th class=\"column-1\">Pro \u00dcbernachtung<\/th><th class=\"column-2\">ab 3 N\u00e4chten<\/th>\n<\/tr>\n<\/thead>\n<tbody class=\"row-striping\">\n<tr class=\"row-2\">\n\t<td class=\"column-1\">bis 2 Personen<\/td><td class=\"column-2\">60,-\u20ac<\/td>\n<\/tr>\n<tr class=\"row-3\">\n\t<td class=\"column-1\">Jede weitere Person<\/td><td class=\"column-2\">+10,-\u20ac<\/td>\n<\/tr>\n<tr class=\"row-4\">\n\t<td class=\"column-1\">Hund<\/td><td class=\"column-2\">+10,-\u20ac<\/td>\n<\/tr>\n<\/tbody>\n<\/table>\n<!-- #tablepress-1 from cache --><\/h5>\n<\/div>\n<\/div>\n<p><!-- \/vcwb\/dynamicElementComment:ea4bf2da --><\/p>\n<\/div>\n<\/div>\n<\/div>\n<p><!-- \/vcwb\/dynamicElementComment:ff5a0022 --><\/p>\n<\/div>\n<\/div>\n<\/div>\n<p><!-- \/vcwb\/dynamicElementComment:52fe8123 --><!-- vcwb\/dynamicElementComment:88e8466f --><\/p>\n<div class=\"vce-row-container\" data-vce-boxed-width=\"true\">\n<div id=\"el-88e8466f\" class=\"vce-row vce-row--has-col-background vce-row--col-gap-30 vce-row-equal-height vce-row-content--middle\" data-vce-do-apply=\"all el-88e8466f\">\n<div class=\"vce-content-background-container\">\u00a0<\/div>\n<div class=\"vce-row-content\" data-vce-element-content=\"true\"><!-- vcwb\/dynamicElementComment:01260ac7 -->\n<div id=\"el-01260ac7\" class=\"vce-col vce-element--has-background vce-col--md-auto vce-col--xs-1 vce-col--xs-last vce-col--xs-first vce-col--sm-last vce-col--sm-first vce-col--md-last vce-col--lg-last vce-col--xl-last vce-col--md-first vce-col--lg-first vce-col--xl-first\">\n<div class=\"vce-col-inner\" data-vce-do-apply=\"border margin background  el-01260ac7\">\n<div class=\"vce-content-background-container\">\u00a0<\/div>\n<div class=\"vce-col-content\" data-vce-element-content=\"true\" data-vce-do-apply=\"padding el-01260ac7\"><!-- vcwb\/dynamicElementComment:ce48bd33 -->\n<div class=\"vce-text-block\">\n<div id=\"el-ce48bd33\" class=\"vce-text-block-wrapper vce\" data-vce-do-apply=\"all el-ce48bd33\">\n<h3 style=\"text-align: center;\">Besonderheiten<\/h3>\n<\/div>\n<\/div>\n<p><!-- \/vcwb\/dynamicElementComment:ce48bd33 --><!-- vcwb\/dynamicElementComment:691cfc19 --><\/p>\n<div class=\"vce-text-block\">\n<div id=\"el-691cfc19\" class=\"vce-text-block-wrapper vce\" data-vce-do-apply=\"all el-691cfc19\"><span style=\"font-size: 12pt; color: #0066bb;\">Endreinigung:<\/span><br \/><span style=\"font-size: 12pt;\">Einmal pro Aufenthalt: 50,-\u20ac<\/span><br \/><span style=\"font-size: 12pt;\"><span style=\"color: #0066bb;\">Mindestaufenthalt:<\/span><br \/>3 \u00dcbernachtungen<\/span><br \/><span style=\"font-size: 12pt;\">Sonderpreis bei l\u00e4ngerfristigen Aufenthalt<\/span><\/div>\n<\/div>\n<p><!-- \/vcwb\/dynamicElementComment:691cfc19 --><!-- vcwb\/dynamicElementComment:461d6d1d --><\/p>\n<div class=\"vce-faq-toggle vce-faq-toggle-color--fff vce-faq-toggle-shape-color--b-0-102-187 vce-faq-toggle-shape--round vce-faq-toggle-hover-color--b-237-237-237 vce-faq-toggle-shape-hover-color--b-77-112-172\">\n<div id=\"el-461d6d1d\" class=\"vce-faq-toggle-wrapper vce\" data-vce-do-apply=\"margin padding border background  el-461d6d1d\">\n<div class=\"vce-faq-toggle-inner\">\n<div class=\"vce-faq-toggle-title\">\n<h3 class=\"vce-faq-toggle-title-text\" aria-controls=\"faqToggle-461d6d1d\" aria-expanded=\"false\"><i class=\"vce-faq-toggle-icon\"><\/i>Ausstattung:<\/h3>\n<\/div>\n<div id=\"faqToggle-461d6d1d\" class=\"vce-faq-toggle-text-block\" role=\"region\">\n<p><span style=\"font-size: 12pt;\">Bettw\u00e4sche, Handt\u00fccher, Duscht\u00fccher, Geschirrt\u00fccher, F\u00f6n, Mikrowelle, Backofen, Geschirrsp\u00fcler, K\u00fchlschrank mit Gefrierfach, Flachbildfernseher, WLAN, DVD-Player, Radio\/CD-Player, Waschmaschine<\/span><\/p>\n<\/div>\n<\/div>\n<\/div>\n<\/div>\n<p><!-- \/vcwb\/dynamicElementComment:461d6d1d --><!-- vcwb\/dynamicElementComment:b8abf1b9 --><\/p>\n<div class=\"vce-faq-toggle vce-faq-toggle-color--fff vce-faq-toggle-shape-color--b-0-102-187 vce-faq-toggle-shape--round vce-faq-toggle-hover-color--b-237-237-237 vce-faq-toggle-shape-hover-color--b-77-112-172\">\n<div id=\"el-b8abf1b9\" class=\"vce-faq-toggle-wrapper vce\" data-vce-do-apply=\"margin padding border background  el-b8abf1b9\">\n<div class=\"vce-faq-toggle-inner\">\n<div class=\"vce-faq-toggle-title\">\n<h3 class=\"vce-faq-toggle-title-text\" aria-controls=\"faqToggle-b8abf1b9\" aria-expanded=\"false\"><i class=\"vce-faq-toggle-icon\"><\/i>Parken:<\/h3>\n<\/div>\n<div id=\"faqToggle-b8abf1b9\" class=\"vce-faq-toggle-text-block\" role=\"region\">\n<p><span style=\"font-size: 12pt;\">An der Stra\u00dfe gibt es gen\u00fcgend Abstellpl\u00e4tze f\u00fcr Ihren Wagen<\/span><\/p>\n<\/div>\n<\/div>\n<\/div>\n<\/div>\n<p><!-- \/vcwb\/dynamicElementComment:b8abf1b9 --><!-- vcwb\/dynamicElementComment:d1d80fc8 --><\/p>\n<div class=\"vce-faq-toggle vce-faq-toggle-color--fff vce-faq-toggle-shape-color--b-0-102-187 vce-faq-toggle-shape--round vce-faq-toggle-hover-color--b-237-237-237 vce-faq-toggle-shape-hover-color--164d99\">\n<div id=\"el-d1d80fc8\" class=\"vce-faq-toggle-wrapper vce\" data-vce-do-apply=\"margin padding border background  el-d1d80fc8\">\n<div class=\"vce-faq-toggle-inner\">\n<div class=\"vce-faq-toggle-title\">\n<h3 class=\"vce-faq-toggle-title-text\" aria-controls=\"faqToggle-d1d80fc8\" aria-expanded=\"false\"><i class=\"vce-faq-toggle-icon\"><\/i>Einfahrt:<\/h3>\n<\/div>\n<div id=\"faqToggle-d1d80fc8\" class=\"vce-faq-toggle-text-block\" role=\"region\">\n<p><span style=\"font-size: 12pt;\">Bitte nicht mit Ihrem Fahrzeug die Einfahrt hochfahren, gerne helfen wir Ihnen beim Hochtragen Ihres Gep\u00e4cks<\/span><\/p>\n<\/div>\n<\/div>\n<\/div>\n<\/div>\n<p><!-- \/vcwb\/dynamicElementComment:d1d80fc8 --><!-- vcwb\/dynamicElementComment:edaac607 --><\/p>\n<div class=\"vce-faq-toggle vce-faq-toggle-color--fff vce-faq-toggle-shape-color--1D64C5 vce-faq-toggle-shape--round vce-faq-toggle-hover-color--b-237-237-237 vce-faq-toggle-shape-hover-color--b-77-112-172\">\n<div id=\"el-edaac607\" class=\"vce-faq-toggle-wrapper vce\" data-vce-do-apply=\"margin padding border background  el-edaac607\">\n<div class=\"vce-faq-toggle-inner\">\n<div class=\"vce-faq-toggle-title\">\n<h3 class=\"vce-faq-toggle-title-text\" aria-controls=\"faqToggle-edaac607\" aria-expanded=\"false\"><i class=\"vce-faq-toggle-icon\"><\/i>Ein offenes Wort:<\/h3>\n<\/div>\n<div id=\"faqToggle-edaac607\" class=\"vce-faq-toggle-text-block\" role=\"region\">\n<p><span style=\"font-size: 12pt;\">Aufgrund der Hanglage ist unsere Ferienwohnung f\u00fcr Menschen mit Einschr\u00e4nkungen in der Mobilit\u00e4t nicht geeignet<\/span><\/p>\n<\/div>\n<\/div>\n<\/div>\n<\/div>\n<p><!-- \/vcwb\/dynamicElementComment:edaac607 --><!-- vcwb\/dynamicElementComment:30468eb1 --><\/p>\n<div class=\"vce-text-block\">\n<div id=\"el-30468eb1\" class=\"vce-text-block-wrapper vce\" data-vce-do-apply=\"all el-30468eb1\">\u00a0<\/div>\n<\/div>\n<p><!-- \/vcwb\/dynamicElementComment:30468eb1 --><\/p>\n<\/div>\n<\/div>\n<\/div>\n<p><!-- \/vcwb\/dynamicElementComment:01260ac7 --><\/p>\n<\/div>\n<\/div>\n<\/div>\n<p><!-- \/vcwb\/dynamicElementComment:88e8466f --><!-- vcwb\/dynamicElementComment:992f474e --><\/p>\n<div class=\"vce-row-container\" data-vce-boxed-width=\"true\">\n<div id=\"el-992f474e\" class=\"vce-row vce-row--col-gap-30 vce-row-equal-height vce-row-content--top\" data-vce-do-apply=\"all el-992f474e\">\n<div class=\"vce-row-content\" data-vce-element-content=\"true\"><!-- vcwb\/dynamicElementComment:f7e1c2f4 -->\n<div id=\"el-f7e1c2f4\" class=\"vce-col vce-col--md-auto vce-col--xs-1 vce-col--xs-last vce-col--xs-first vce-col--sm-last vce-col--sm-first vce-col--md-last vce-col--lg-last vce-col--xl-last vce-col--md-first vce-col--lg-first vce-col--xl-first\">\n<div class=\"vce-col-inner\" data-vce-do-apply=\"border margin background  el-f7e1c2f4\">\n<div class=\"vce-content-background-container\">\u00a0<\/div>\n<div class=\"vce-col-content\" data-vce-element-content=\"true\" data-vce-do-apply=\"padding el-f7e1c2f4\"><!-- vcwb\/dynamicElementComment:c513b4a2 -->\n<div class=\"vce-text-block\">\n<div id=\"el-c513b4a2\" class=\"vce-text-block-wrapper vce\" data-vce-do-apply=\"all el-c513b4a2\">\n<h3 style=\"text-align: center;\">Kontaktieren Sie uns einfach und unverbindlich:<\/h3>\n<p style=\"text-align: center;\"><span style=\"font-size: 12pt;\">Nicole Malisan<br \/>Zum Meisb\u00fcsch 8, 66663 Merzig<br \/>06861-74768<br \/>malisan@t-online.de<\/span><\/p>\n<\/div>\n<\/div>\n<p><!-- \/vcwb\/dynamicElementComment:c513b4a2 --><\/p>\n<\/div>\n<\/div>\n<\/div>\n<p><!-- \/vcwb\/dynamicElementComment:f7e1c2f4 --><\/p>\n<\/div>\n<\/div>\n<\/div>\n<p><!-- \/vcwb\/dynamicElementComment:992f474e --><!-- vcwb\/dynamicElementComment:8f78c026 --><\/p>\n<div class=\"vce-row-container\" data-vce-boxed-width=\"true\">\n<div id=\"el-8f78c026\" class=\"vce-row vce-row--has-col-background vce-row--col-gap-30 vce-row-equal-height vce-row-content--top\" data-vce-do-apply=\"all el-8f78c026\">\n<div class=\"vce-row-content\" data-vce-element-content=\"true\"><!-- vcwb\/dynamicElementComment:d470546a -->\n<div id=\"el-d470546a\" class=\"vce-col vce-element--has-background vce-col--md-auto vce-col--xs-1 vce-col--xs-last vce-col--xs-first vce-col--sm-last vce-col--sm-first vce-col--md-last vce-col--lg-last vce-col--xl-last vce-col--md-first vce-col--lg-first vce-col--xl-first\">\n<div class=\"vce-col-inner\" data-vce-do-apply=\"border margin background  el-d470546a\">\n<div class=\"vce-content-background-container\">\u00a0<\/div>\n<div class=\"vce-col-content\" data-vce-element-content=\"true\" data-vce-do-apply=\"padding el-d470546a\"><!-- vcwb\/dynamicElementComment:56266866 -->\n<div class=\"vce-text-block\">\n<div id=\"el-56266866\" class=\"vce-text-block-wrapper vce\" data-vce-do-apply=\"all el-56266866\">\n<h3 style=\"text-align: center;\">Wir sind leicht zu finden\u00a0<\/h3>\n<\/div>\n<\/div>\n<p><!-- \/vcwb\/dynamicElementComment:56266866 --><!-- vcwb\/dynamicElementComment:a1da803b --><\/p>\n<div class=\"vce-single-image-container vce-single-image--align-center\">\n<div id=\"el-a1da803b\" class=\"vce vce-single-image-wrapper\" data-vce-do-apply=\"all el-a1da803b\">\n<figure>\n<div class=\"vce-single-image-figure-inner\" style=\"width: 692px;\">\u00a0<\/div>\n<figcaption hidden=\"\"><\/figcaption>\n<\/figure>\n<\/div>\n<\/div>\n<p><!-- \/vcwb\/dynamicElementComment:a1da803b --><\/p>\n<\/div>\n<\/div>\n<\/div>\n<p><!-- \/vcwb\/dynamicElementComment:d470546a --><\/p>\n<\/div>\n<\/div>\n<\/div>\n<p><!-- \/vcwb\/dynamicElementComment:8f78c026 --><!--vcv no format--><\/p>\n\n\n<figure class=\"wp-block-image size-full\"><img data-recalc-dims=\"1\" decoding=\"async\" width=\"692\" height=\"400\" data-src=\"https:\/\/i0.wp.com\/malisan.de\/wp-content\/uploads\/2022\/07\/Map.jpg?resize=692%2C400&#038;ssl=1\" alt=\"Landkarte\" class=\"wp-image-93 lazyload\" data-srcset=\"https:\/\/i0.wp.com\/malisan.de\/wp-content\/uploads\/2022\/07\/Map.jpg?w=692&amp;ssl=1 692w, https:\/\/i0.wp.com\/malisan.de\/wp-content\/uploads\/2022\/07\/Map.jpg?resize=300%2C173&amp;ssl=1 300w, https:\/\/i0.wp.com\/malisan.de\/wp-content\/uploads\/2022\/07\/Map.jpg?resize=320%2C185&amp;ssl=1 320w, https:\/\/i0.wp.com\/malisan.de\/wp-content\/uploads\/2022\/07\/Map.jpg?resize=480%2C277&amp;ssl=1 480w\" data-sizes=\"(max-width: 692px) 100vw, 692px\" src=\"data:image\/svg+xml;base64,PHN2ZyB3aWR0aD0iMSIgaGVpZ2h0PSIxIiB4bWxucz0iaHR0cDovL3d3dy53My5vcmcvMjAwMC9zdmciPjwvc3ZnPg==\" style=\"--smush-placeholder-width: 692px; --smush-placeholder-aspect-ratio: 692\/400;\" \/><\/figure>\n","protected":false},"excerpt":{"rendered":"<p>Bevorzugte Lage in der N\u00e4he des Wolfsgeheges Bevorzugte Lage in der N\u00e4he des Wolfsgeheges Bilder von unserer sch\u00f6nen Ferienwohnung ie erienwohnung in Merz Unsere Preise ab 01.01.2023 \u00a0 \u00a0 Besonderheiten Endreinigung:Einmal pro Aufenthalt: 50,-\u20acMindestaufenthalt:3 \u00dcbernachtungenSonderpreis bei l\u00e4ngerfristigen Aufenthalt Ausstattung: Bettw\u00e4sche, Handt\u00fccher, Duscht\u00fccher, Geschirrt\u00fccher, F\u00f6n, Mikrowelle, Backofen, Geschirrsp\u00fcler, K\u00fchlschrank mit Gefrierfach, Flachbildfernseher, WLAN, DVD-Player, Radio\/CD-Player, Waschmaschine [&hellip;]<\/p>\n","protected":false},"author":2,"featured_media":0,"parent":0,"menu_order":0,"comment_status":"closed","ping_status":"closed","template":"","meta":{"ocean_post_layout":"","ocean_both_sidebars_style":"","ocean_both_sidebars_content_width":0,"ocean_both_sidebars_sidebars_width":0,"ocean_sidebar":"","ocean_second_sidebar":"","ocean_disable_margins":"enable","ocean_add_body_class":"","ocean_shortcode_before_top_bar":"","ocean_shortcode_after_top_bar":"","ocean_shortcode_before_header":"","ocean_shortcode_after_header":"","ocean_has_shortcode":"","ocean_shortcode_after_title":"","ocean_shortcode_before_footer_widgets":"","ocean_shortcode_after_footer_widgets":"","ocean_shortcode_before_footer_bottom":"","ocean_shortcode_after_footer_bottom":"","ocean_display_top_bar":"default","ocean_display_header":"default","ocean_header_style":"","ocean_center_header_left_menu":"","ocean_custom_header_template":"","ocean_custom_logo":0,"ocean_custom_retina_logo":0,"ocean_custom_logo_max_width":0,"ocean_custom_logo_tablet_max_width":0,"ocean_custom_logo_mobile_max_width":0,"ocean_custom_logo_max_height":0,"ocean_custom_logo_tablet_max_height":0,"ocean_custom_logo_mobile_max_height":0,"ocean_header_custom_menu":"","ocean_menu_typo_font_family":"","ocean_menu_typo_font_subset":"","ocean_menu_typo_font_size":0,"ocean_menu_typo_font_size_tablet":0,"ocean_menu_typo_font_size_mobile":0,"ocean_menu_typo_font_size_unit":"px","ocean_menu_typo_font_weight":"","ocean_menu_typo_font_weight_tablet":"","ocean_menu_typo_font_weight_mobile":"","ocean_menu_typo_transform":"","ocean_menu_typo_transform_tablet":"","ocean_menu_typo_transform_mobile":"","ocean_menu_typo_line_height":0,"ocean_menu_typo_line_height_tablet":0,"ocean_menu_typo_line_height_mobile":0,"ocean_menu_typo_line_height_unit":"","ocean_menu_typo_spacing":0,"ocean_menu_typo_spacing_tablet":0,"ocean_menu_typo_spacing_mobile":0,"ocean_menu_typo_spacing_unit":"","ocean_menu_link_color":"","ocean_menu_link_color_hover":"","ocean_menu_link_color_active":"","ocean_menu_link_background":"","ocean_menu_link_hover_background":"","ocean_menu_link_active_background":"","ocean_menu_social_links_bg":"","ocean_menu_social_hover_links_bg":"","ocean_menu_social_links_color":"","ocean_menu_social_hover_links_color":"","ocean_disable_title":"default","ocean_disable_heading":"default","ocean_post_title":"","ocean_post_subheading":"","ocean_post_title_style":"","ocean_post_title_background_color":"","ocean_post_title_background":0,"ocean_post_title_bg_image_position":"","ocean_post_title_bg_image_attachment":"","ocean_post_title_bg_image_repeat":"","ocean_post_title_bg_image_size":"","ocean_post_title_height":0,"ocean_post_title_bg_overlay":0.5,"ocean_post_title_bg_overlay_color":"","ocean_disable_breadcrumbs":"default","ocean_breadcrumbs_color":"","ocean_breadcrumbs_separator_color":"","ocean_breadcrumbs_links_color":"","ocean_breadcrumbs_links_hover_color":"","ocean_display_footer_widgets":"default","ocean_display_footer_bottom":"default","ocean_custom_footer_template":"","footnotes":""},"class_list":["post-7","page","type-page","status-publish","hentry","entry"],"jetpack_sharing_enabled":true,"_links":{"self":[{"href":"https:\/\/malisan.de\/index.php?rest_route=\/wp\/v2\/pages\/7","targetHints":{"allow":["GET"]}}],"collection":[{"href":"https:\/\/malisan.de\/index.php?rest_route=\/wp\/v2\/pages"}],"about":[{"href":"https:\/\/malisan.de\/index.php?rest_route=\/wp\/v2\/types\/page"}],"author":[{"embeddable":true,"href":"https:\/\/malisan.de\/index.php?rest_route=\/wp\/v2\/users\/2"}],"replies":[{"embeddable":true,"href":"https:\/\/malisan.de\/index.php?rest_route=%2Fwp%2Fv2%2Fcomments&post=7"}],"version-history":[{"count":43,"href":"https:\/\/malisan.de\/index.php?rest_route=\/wp\/v2\/pages\/7\/revisions"}],"predecessor-version":[{"id":155,"href":"https:\/\/malisan.de\/index.php?rest_route=\/wp\/v2\/pages\/7\/revisions\/155"}],"wp:attachment":[{"href":"https:\/\/malisan.de\/index.php?rest_route=%2Fwp%2Fv2%2Fmedia&parent=7"}],"curies":[{"name":"wp","href":"https:\/\/api.w.org\/{rel}","templated":true}]}}